{"id":992,"date":"2023-10-11T16:12:52","date_gmt":"2023-10-11T21:12:52","guid":{"rendered":"http:\/\/carwashmovil.com\/?page_id=992"},"modified":"2024-01-02T22:56:48","modified_gmt":"2024-01-03T03:56:48","slug":"motocicletas","status":"publish","type":"page","link":"https:\/\/carwashmovil.com\/index.php\/motocicletas\/","title":{"rendered":"Motocicletas"},"content":{"rendered":"\n<div class=\"wp-block-uagb-container uagb-block-632d9455 alignfull uagb-is-root-container\"><div class=\"uagb-container-inner-blocks-wrap\">\n<div class=\"wp-block-uagb-container uagb-block-2d44248c\">\n<div class=\"wp-block-uagb-advanced-heading uagb-block-0461449b\"><h2 class=\"uagb-heading-text\"><strong>Lavado de Motocicletas<\/strong><\/h2><\/div>\n<\/div>\n<\/div><\/div>\n\n\n\n<div class=\"wp-block-uagb-container uagb-block-564012a1 alignfull uagb-is-root-container\"><div class=\"uagb-container-inner-blocks-wrap\">\n<div class=\"wp-block-uagb-container uagb-block-6255e549\"><div class=\"uagb-container__shape uagb-container__shape-top\"><svg xmlns=\"https:\/\/www.w3.org\/2000\/svg\" viewBox=\"0 0 937.5 120\" preserveAspectRatio=\"none\"><path class=\"uagb-container__shape-fill\" d=\"M937.5,124.3V0H0v124.3C0,100.8,227.4,2.9,578.9,4.1C926.9,0.3,937.5,100.4,937.5,124.3z\"><\/path><\/svg><\/div><\/div>\n\n\n\n<div class=\"wp-block-uagb-container uagb-block-b2bfe5f4\">\n<div class=\"wp-block-columns is-layout-flex wp-container-core-columns-is-layout-28f84493 wp-block-columns-is-layout-flex\">\n<div class=\"wp-block-column is-layout-flow wp-block-column-is-layout-flow\">\n<div class=\"wp-block-uagb-container uagb-block-e7d146c6\">\n<div data-aos= \"fade\" data-aos-duration=\"400\" data-aos-delay=\"0\" data-aos-easing=\"ease\" data-aos-once=\"true\" class=\"wp-block-uagb-image aligncenter uagb-block-d7dec9ca wp-block-uagb-image--layout-default wp-block-uagb-image--effect-zoomin wp-block-uagb-image--align-center\"><figure class=\"wp-block-uagb-image__figure\"><img decoding=\"async\" srcset=\"https:\/\/carwashmovil.com\/wp-content\/uploads\/2024\/01\/21-1.jpg ,https:\/\/carwashmovil.com\/wp-content\/uploads\/2024\/01\/21-1.jpg 780w, https:\/\/carwashmovil.com\/wp-content\/uploads\/2024\/01\/21-1.jpg 360w\" sizes=\"auto, (max-width: 480px) 150px\" src=\"https:\/\/carwashmovil.com\/wp-content\/uploads\/2024\/01\/21-1.jpg\" alt=\"\" class=\"uag-image-1476\" width=\"1535\" height=\"1535\" title=\"\" loading=\"lazy\"\/><\/figure><\/div>\n<\/div>\n<\/div>\n\n\n\n<div class=\"wp-block-column is-layout-flow wp-block-column-is-layout-flow\">\n<div class=\"wp-block-uagb-container uagb-block-46605179\">\n<div data-aos= \"fade\" data-aos-duration=\"400\" data-aos-delay=\"0\" data-aos-easing=\"ease\" data-aos-once=\"true\" class=\"wp-block-uagb-image aligncenter uagb-block-b21e2a74 wp-block-uagb-image--layout-default wp-block-uagb-image--effect-zoomin wp-block-uagb-image--align-center\"><figure class=\"wp-block-uagb-image__figure\"><img decoding=\"async\" srcset=\"https:\/\/carwashmovil.com\/wp-content\/uploads\/2024\/01\/32.jpg ,https:\/\/carwashmovil.com\/wp-content\/uploads\/2024\/01\/32.jpg 780w, https:\/\/carwashmovil.com\/wp-content\/uploads\/2024\/01\/32.jpg 360w\" sizes=\"auto, (max-width: 480px) 150px\" src=\"https:\/\/carwashmovil.com\/wp-content\/uploads\/2024\/01\/32.jpg\" alt=\"\" class=\"uag-image-1475\" width=\"1535\" height=\"1535\" title=\"\" loading=\"lazy\"\/><\/figure><\/div>\n<\/div>\n<\/div>\n<\/div>\n<\/div>\n<\/div><\/div>\n\n\n\n<div class=\"wp-block-uagb-container uagb-block-cc61951e alignfull uagb-is-root-container\"><div class=\"uagb-container-inner-blocks-wrap\">\n<div class=\"wp-block-uagb-container uagb-block-6d470991\">\n<div class=\"wp-block-columns is-layout-flex wp-container-core-columns-is-layout-28f84493 wp-block-columns-is-layout-flex\">\n<div class=\"wp-block-column is-layout-flow wp-block-column-is-layout-flow\">\n<div class=\"wp-block-uagb-container uagb-block-45008587\">\n<div data-aos= \"fade\" data-aos-duration=\"400\" data-aos-delay=\"0\" data-aos-easing=\"ease\" data-aos-once=\"true\" class=\"wp-block-uagb-image aligncenter uagb-block-5683f69f wp-block-uagb-image--layout-default wp-block-uagb-image--effect-zoomin wp-block-uagb-image--align-center\"><figure class=\"wp-block-uagb-image__figure\"><img decoding=\"async\" srcset=\"https:\/\/carwashmovil.com\/wp-content\/uploads\/2024\/01\/Lavado-tanque-moto.jpg ,https:\/\/carwashmovil.com\/wp-content\/uploads\/2024\/01\/Lavado-tanque-moto.jpg 780w, https:\/\/carwashmovil.com\/wp-content\/uploads\/2024\/01\/Lavado-tanque-moto.jpg 360w\" sizes=\"auto, (max-width: 480px) 150px\" src=\"https:\/\/carwashmovil.com\/wp-content\/uploads\/2024\/01\/Lavado-tanque-moto.jpg\" alt=\"\" class=\"uag-image-1477\" width=\"1535\" height=\"1535\" title=\"\" loading=\"lazy\"\/><\/figure><\/div>\n<\/div>\n<\/div>\n\n\n\n<div class=\"wp-block-column is-layout-flow wp-block-column-is-layout-flow\">\n<div class=\"wp-block-uagb-container uagb-block-e92bf795\">\n<div data-aos= \"fade\" data-aos-duration=\"400\" data-aos-delay=\"0\" data-aos-easing=\"ease\" data-aos-once=\"true\" class=\"wp-block-uagb-image aligncenter uagb-block-be284ec6 wp-block-uagb-image--layout-default wp-block-uagb-image--effect-zoomin wp-block-uagb-image--align-center\"><figure class=\"wp-block-uagb-image__figure\"><img decoding=\"async\" srcset=\"https:\/\/carwashmovil.com\/wp-content\/uploads\/2024\/01\/motos.jpg ,https:\/\/carwashmovil.com\/wp-content\/uploads\/2024\/01\/motos.jpg 780w, https:\/\/carwashmovil.com\/wp-content\/uploads\/2024\/01\/motos.jpg 360w\" sizes=\"auto, (max-width: 480px) 150px\" src=\"https:\/\/carwashmovil.com\/wp-content\/uploads\/2024\/01\/motos.jpg\" alt=\"\" class=\"uag-image-1478\" width=\"1535\" height=\"1535\" title=\"\" loading=\"lazy\"\/><\/figure><\/div>\n<\/div>\n<\/div>\n<\/div>\n<\/div>\n<\/div><\/div>\n\n\n\n<p><\/p>\n\n\n\n<div class=\"wp-block-uagb-container uagb-block-3773e7ea alignfull uagb-is-root-container\"><div class=\"uagb-container-inner-blocks-wrap\">\n<div class=\"wp-block-uagb-container uagb-block-00f61297\">\n<div class=\"wp-block-columns is-layout-flex wp-container-core-columns-is-layout-28f84493 wp-block-columns-is-layout-flex\">\n<div class=\"wp-block-column is-layout-flow wp-container-core-column-is-layout-f751d6c2 wp-block-column-is-layout-flow\">\n<p class=\"has-text-align-left has-ast-global-color-4-color has-text-color has-link-color wp-elements-d74613f8f180157681b2c55c593150d6\"><strong>Bajo Cilindraje  <\/strong>19.000 $ Lavada b\u00e1sica, agua y jab\u00f3n.<\/p>\n\n\n\n<p class=\"has-ast-global-color-4-color has-text-color has-link-color wp-elements-9f2ee033dddf5a27f363bd85ed0f3347\"><strong>Sencillo Plus<\/strong>  18.000 $ Lavada b\u00e1sica, m\u00e1s hidrataci\u00f3n de todas las partes negras.<\/p>\n\n\n\n<p class=\"has-ast-global-color-4-color has-text-color has-link-color wp-elements-25c91cddcc985dd129fab01eeb43ba67\"><strong>SemiFull<\/strong>  28.000 $  Lavada desengrasada de motor y cadena, hidrataci\u00f3n de partes negras y brillo a maquina.<\/p>\n<\/div>\n\n\n\n<div class=\"wp-block-column is-layout-flow wp-container-core-column-is-layout-f751d6c2 wp-block-column-is-layout-flow\">\n<p class=\"has-ast-global-color-8-color has-text-color has-link-color wp-elements-ab5940ab2fb6dec9062810fa664ce6ef\"><strong> Full<\/strong> 39.000 $ Lavada, desengrasada de motor y cadena, lubricada, restauraci\u00f3n de partes negras, Polichada y sellada con brillo a maquina.<\/p>\n\n\n\n<p class=\"has-ast-global-color-8-color has-text-color has-link-color wp-elements-9e0a4d3f330463aeda56a70d8b660230\"><strong>Alto Cilindraje<\/strong>  19.000 $ Lavada b\u00e1sica, con agua y jab\u00f3n.<\/p>\n\n\n\n<p class=\"has-ast-global-color-8-color has-text-color has-link-color wp-elements-827514ef801f65f441e83acca0eaaa95\"><strong> Sencillo Plus<\/strong>  22.000 $ Lavada m\u00e1s hidrataci\u00f3n de todas las partes negras.<\/p>\n<\/div>\n\n\n\n<div class=\"wp-block-column is-layout-flow wp-container-core-column-is-layout-f751d6c2 wp-block-column-is-layout-flow\">\n<p class=\"has-ast-global-color-8-color has-text-color has-link-color wp-elements-ddc3dc187974247013344c8899173910\"><strong>SemiFull Alto cilindraje<\/strong> 33.000 $ Lavada, desengrasada de motor y cadena, hidrataci\u00f3n de partes negras, brillo a maquina.<\/p>\n\n\n\n<p class=\"has-ast-global-color-8-color has-text-color has-link-color wp-elements-7e4a07078ec8ae23a420a3b2a0bd9c62\"><strong>Full <\/strong> 65.000 $  Lavada m\u00e1s desengrasada de motor y cadena, lubricaci\u00f3n, restauraci\u00f3n de partes negras, Polichada y sellada con brillo a maquina.<\/p>\n<\/div>\n<\/div>\n<\/div>\n<\/div><\/div>\n\n\n\n<div class=\"wp-block-uagb-container uagb-block-8e72b02a alignfull uagb-is-root-container\"><div class=\"uagb-container__shape uagb-container__shape-top\"><svg xmlns=\"https:\/\/www.w3.org\/2000\/svg\" viewBox=\"0 0 1000 100\" preserveAspectRatio=\"none\"><path class=\"uagb-container__shape-fill\" d=\"M0,0c0,0,0,6,0,6.7c0,18,240.2,93.6,615.2,92.6C989.8,98.5,1000,25,1000,6.7c0-0.7,0-6.7,0-6.7H0z\"><\/path><\/svg><\/div><div class=\"uagb-container-inner-blocks-wrap\"><\/div><\/div>\n","protected":false},"excerpt":{"rendered":"<p>Lavado de Motocicletas Bajo Cilindraje 19.000 $ Lavada b\u00e1sica, agua y jab\u00f3n. Sencillo Plus 18.000 $ Lavada b\u00e1sica, m\u00e1s hidrataci\u00f3n de todas las partes negras. SemiFull 28.000 $ Lavada desengrasada de motor y cadena, hidrataci\u00f3n de partes negras y brillo a maquina. Full 39.000 $ Lavada, desengrasada de motor y cadena, lubricada, restauraci\u00f3n de partes [&hellip;]<\/p>\n","protected":false},"author":1,"featured_media":0,"parent":0,"menu_order":0,"comment_status":"closed","ping_status":"closed","template":"","meta":{"_uag_custom_page_level_css":"","site-sidebar-layout":"default","site-content-layout":"","ast-site-content-layout":"default","site-content-style":"default","site-sidebar-style":"default","ast-global-header-display":"","ast-banner-title-visibility":"","ast-main-header-display":"","ast-hfb-above-header-display":"","ast-hfb-below-header-display":"","ast-hfb-mobile-header-display":"","site-post-title":"disabled","ast-breadcrumbs-content":"","ast-featured-img":"","footer-sml-layout":"","ast-disable-related-posts":"","theme-transparent-header-meta":"","adv-header-id-meta":"","stick-header-meta":"","header-above-stick-meta":"","header-main-stick-meta":"","header-below-stick-meta":"","astra-migrate-meta-layouts":"set","ast-page-background-enabled":"default","ast-page-background-meta":{"desktop":{"background-color":"var(--ast-global-color-4)","background-image":"","background-repeat":"repeat","background-position":"center center","background-size":"auto","background-attachment":"scroll","background-type":"","background-media":"","overlay-type":"","overlay-color":"","overlay-opacity":"","overlay-gradient":""},"tablet":{"background-color":"","background-image":"","background-repeat":"repeat","background-position":"center center","background-size":"auto","background-attachment":"scroll","background-type":"","background-media":"","overlay-type":"","overlay-color":"","overlay-opacity":"","overlay-gradient":""},"mobile":{"background-color":"","background-image":"","background-repeat":"repeat","background-position":"center center","background-size":"auto","background-attachment":"scroll","background-type":"","background-media":"","overlay-type":"","overlay-color":"","overlay-opacity":"","overlay-gradient":""}},"ast-content-background-meta":{"desktop":{"background-color":"var(--ast-global-color-5)","background-image":"","background-repeat":"repeat","background-position":"center center","background-size":"auto","background-attachment":"scroll","background-type":"","background-media":"","overlay-type":"","overlay-color":"","overlay-opacity":"","overlay-gradient":""},"tablet":{"background-color":"var(--ast-global-color-5)","background-image":"","background-repeat":"repeat","background-position":"center center","background-size":"auto","background-attachment":"scroll","background-type":"","background-media":"","overlay-type":"","overlay-color":"","overlay-opacity":"","overlay-gradient":""},"mobile":{"background-color":"var(--ast-global-color-5)","background-image":"","background-repeat":"repeat","background-position":"center center","background-size":"auto","background-attachment":"scroll","background-type":"","background-media":"","overlay-type":"","overlay-color":"","overlay-opacity":"","overlay-gradient":""}},"footnotes":""},"class_list":["post-992","page","type-page","status-publish","hentry"],"uagb_featured_image_src":{"full":false,"thumbnail":false,"medium":false,"medium_large":false,"large":false,"1536x1536":false,"2048x2048":false},"uagb_author_info":{"display_name":"sebas21","author_link":"https:\/\/carwashmovil.com\/index.php\/author\/sebas21\/"},"uagb_comment_info":0,"uagb_excerpt":"Lavado de Motocicletas Bajo Cilindraje 19.000 $ Lavada b\u00e1sica, agua y jab\u00f3n. Sencillo Plus 18.000 $ Lavada b\u00e1sica, m\u00e1s hidrataci\u00f3n de todas las partes negras. SemiFull 28.000 $ Lavada desengrasada de motor y cadena, hidrataci\u00f3n de partes negras y brillo a maquina. Full 39.000 $ Lavada, desengrasada de motor y cadena, lubricada, restauraci\u00f3n de partes&hellip;","_links":{"self":[{"href":"https:\/\/carwashmovil.com\/index.php\/wp-json\/wp\/v2\/pages\/992","targetHints":{"allow":["GET"]}}],"collection":[{"href":"https:\/\/carwashmovil.com\/index.php\/wp-json\/wp\/v2\/pages"}],"about":[{"href":"https:\/\/carwashmovil.com\/index.php\/wp-json\/wp\/v2\/types\/page"}],"author":[{"embeddable":true,"href":"https:\/\/carwashmovil.com\/index.php\/wp-json\/wp\/v2\/users\/1"}],"replies":[{"embeddable":true,"href":"https:\/\/carwashmovil.com\/index.php\/wp-json\/wp\/v2\/comments?post=992"}],"version-history":[{"count":15,"href":"https:\/\/carwashmovil.com\/index.php\/wp-json\/wp\/v2\/pages\/992\/revisions"}],"predecessor-version":[{"id":1501,"href":"https:\/\/carwashmovil.com\/index.php\/wp-json\/wp\/v2\/pages\/992\/revisions\/1501"}],"wp:attachment":[{"href":"https:\/\/carwashmovil.com\/index.php\/wp-json\/wp\/v2\/media?parent=992"}],"curies":[{"name":"wp","href":"https:\/\/api.w.org\/{rel}","templated":true}]}}