{"id":935,"date":"2023-10-09T10:38:30","date_gmt":"2023-10-09T15:38:30","guid":{"rendered":"http:\/\/carwashmovil.com\/?page_id=935"},"modified":"2024-01-02T23:00:51","modified_gmt":"2024-01-03T04:00:51","slug":"planes-corporativos","status":"publish","type":"page","link":"https:\/\/carwashmovil.com\/index.php\/planes-corporativos\/","title":{"rendered":"Planes Corporativos"},"content":{"rendered":"\n<div class=\"wp-block-uagb-container uagb-block-e9b05546 alignfull uagb-is-root-container\"><div class=\"uagb-container-inner-blocks-wrap\"><\/div><\/div>\n\n\n\n<div class=\"wp-block-uagb-container uagb-block-ad029950 alignfull uagb-is-root-container\"><div class=\"uagb-container-inner-blocks-wrap\">\n<div class=\"wp-block-uagb-container uagb-block-9a0d11eb\">\n<div class=\"wp-block-columns is-layout-flex wp-container-core-columns-is-layout-28f84493 wp-block-columns-is-layout-flex\">\n<div class=\"wp-block-column is-vertically-aligned-center is-layout-flow wp-container-core-column-is-layout-96b6c3c0 wp-block-column-is-layout-flow\" style=\"padding-top:var(--wp--preset--spacing--20);padding-bottom:var(--wp--preset--spacing--20);flex-basis:33.33%\">\n<div class=\"wp-block-uagb-advanced-heading uagb-block-08849a4e\"><h3 class=\"uagb-heading-text\">TARJETA DE BENEFICIOS PARA EMPLEADOS<\/h3><\/div>\n\n\n\n<p><\/p>\n\n\n\n<p><\/p>\n\n\n\n<div class=\"wp-block-group is-vertical is-layout-flex wp-container-core-group-is-layout-fe9cc265 wp-block-group-is-layout-flex\">\n<p class=\"has-text-align-center has-ast-global-color-8-color has-text-color\"><\/p>\n\n\n\n<p class=\"has-text-align-center has-ast-global-color-8-color has-text-color\">Esta membres\u00eda busca<br>brindarte comodidad y mejor precio para los<br>empleados de tu compa\u00f1\u00eda, quienes por elegirnos<br>tendr\u00e1n un beneficio especial.<\/p>\n\n\n\n<p class=\"has-text-align-center has-ast-global-color-8-color has-text-color\">*Planes de 10 a 20 lavadas por mes: 10% de<br>descuento en todos los servicios.<\/p>\n\n\n\n<p class=\"has-text-align-center has-ast-global-color-8-color has-text-color\"><\/p>\n\n\n\n<p class=\"has-text-align-center has-ast-global-color-8-color has-text-color\">*Planes de 20 -30 lavados por mes: 15% de<br>descuento en todos los servicios<\/p>\n<\/div>\n<\/div>\n\n\n\n<div class=\"wp-block-column is-layout-flow wp-block-column-is-layout-flow\" style=\"flex-basis:66.66%\">\n<div class=\"wp-block-uagb-image aligncenter uagb-block-c5af050d wp-block-uagb-image--layout-default wp-block-uagb-image--effect-static wp-block-uagb-image--align-center\"><figure class=\"wp-block-uagb-image__figure\"><img decoding=\"async\" srcset=\"https:\/\/carwashmovil.com\/wp-content\/uploads\/2023\/10\/Beneficio-empleados.png ,https:\/\/carwashmovil.com\/wp-content\/uploads\/2023\/10\/Beneficio-empleados.png 780w, https:\/\/carwashmovil.com\/wp-content\/uploads\/2023\/10\/Beneficio-empleados.png 360w\" sizes=\"auto, (max-width: 480px) 150px\" src=\"https:\/\/carwashmovil.com\/wp-content\/uploads\/2023\/10\/Beneficio-empleados.png\" alt=\"\" class=\"uag-image-1301\" width=\"369\" height=\"362\" title=\"\" loading=\"lazy\"\/><\/figure><\/div>\n<\/div>\n<\/div>\n\n\n\n<div class=\"wp-block-uagb-container uagb-block-967fd10e\"><div class=\"uagb-container__shape uagb-container__shape-bottom uagb-container__invert\" data-negative=\"false\"><svg xmlns=\"https:\/\/www.w3.org\/2000\/svg\" viewBox=\"0 0 1000 100\" preserveAspectRatio=\"none\"><path class=\"uagb-container__shape-fill\" d=\"M0,6V0h1000v100L0,6z\"><\/path><\/svg><\/div><\/div>\n<\/div>\n\n\n\n<div class=\"wp-block-uagb-container uagb-block-b773ef91\">\n<div class=\"wp-block-columns is-layout-flex wp-container-core-columns-is-layout-28f84493 wp-block-columns-is-layout-flex\">\n<div class=\"wp-block-column is-vertically-aligned-top is-layout-flow wp-container-core-column-is-layout-42aebfa7 wp-block-column-is-layout-flow\" style=\"padding-top:0;padding-right:0;padding-bottom:0;padding-left:0;flex-basis:33.33%\">\n<div class=\"wp-block-uagb-advanced-heading uagb-block-c6b74e92\"><h3 class=\"uagb-heading-text\">PLAN: ENTRE AMIGOS<\/h3><\/div>\n\n\n\n<p><\/p>\n\n\n\n<p><\/p>\n\n\n\n<p><\/p>\n\n\n\n<p class=\"has-ast-global-color-8-color has-text-color\">Combo familia &amp; amigos: Esta<br>Membres\u00eda te da el beneficio de<br>obtener 10 lavadas en el mes con el<br>10% de descuento y 1 desmanchada y<br>brillada gratis para el veh\u00edculo que<br>elijas. Puede afiliar m\u00e1ximo 3 placas.<\/p>\n\n\n\n<p class=\"has-ast-global-color-8-color has-text-color\">Al costo total de las lavadas, teniendo<br>en cuentas si vinculas a la membres\u00eda<br>autom\u00f3viles o camionetas,<br>aplicaremos el 10% de descuento.<\/p>\n<\/div>\n\n\n\n<div class=\"wp-block-column is-layout-flow wp-block-column-is-layout-flow\" style=\"flex-basis:66.66%\">\n<div class=\"wp-block-uagb-image aligncenter uagb-block-abf9dc91 wp-block-uagb-image--layout-default wp-block-uagb-image--effect-static wp-block-uagb-image--align-center\"><figure class=\"wp-block-uagb-image__figure\"><img decoding=\"async\" srcset=\"https:\/\/carwashmovil.com\/wp-content\/uploads\/2023\/10\/entre-amigos.png ,https:\/\/carwashmovil.com\/wp-content\/uploads\/2023\/10\/entre-amigos.png 780w, https:\/\/carwashmovil.com\/wp-content\/uploads\/2023\/10\/entre-amigos.png 360w\" sizes=\"auto, (max-width: 480px) 150px\" src=\"https:\/\/carwashmovil.com\/wp-content\/uploads\/2023\/10\/entre-amigos.png\" alt=\"\" class=\"uag-image-1321\" width=\"369\" height=\"362\" title=\"\" loading=\"lazy\"\/><\/figure><\/div>\n<\/div>\n<\/div>\n<\/div>\n\n\n\n<div class=\"wp-block-uagb-container uagb-block-f3ffe67c\"><div class=\"uagb-container__shape uagb-container__shape-bottom uagb-container__invert\" data-negative=\"false\"><svg xmlns=\"https:\/\/www.w3.org\/2000\/svg\" viewBox=\"0 0 1000 100\" preserveAspectRatio=\"none\"><path class=\"uagb-container__shape-fill\" d=\"M0,6V0h1000v100L0,6z\"><\/path><\/svg><\/div><\/div>\n\n\n\n<div class=\"wp-block-uagb-container uagb-block-b4143be9\">\n<div class=\"wp-block-uagb-container uagb-block-e2672bd8\">\n<div class=\"wp-block-columns is-layout-flex wp-container-core-columns-is-layout-28f84493 wp-block-columns-is-layout-flex\">\n<div class=\"wp-block-column is-vertically-aligned-top is-layout-flow wp-container-core-column-is-layout-42aebfa7 wp-block-column-is-layout-flow\" style=\"padding-top:0;padding-right:0;padding-bottom:0;padding-left:0;flex-basis:33.33%\">\n<div class=\"wp-block-uagb-advanced-heading uagb-block-03340a55\"><h3 class=\"uagb-heading-text\">TARJETA PREPAGO Y USALA COMO QUIERAS<\/h3><\/div>\n\n\n\n<p><\/p>\n\n\n\n<p class=\"has-text-align-left has-ast-global-color-4-color has-text-color\">Si tienes un presupuesto para el lavado de los veh\u00edculos de tu empresa, pero no tienes claro con qu\u00e9 frecuencia lo usaran por las actividades log\u00edsticas, no te preocupes, Puedes comprar el saldo del mes y con cada visita de los carros autorizados por la compa\u00f1\u00eda se ir\u00e1 usando el saldo autorizado en el servicio que nos indiques hasta terminar de usar el presupuesto adquirido.<\/p>\n<\/div>\n\n\n\n<div class=\"wp-block-column is-layout-flow wp-block-column-is-layout-flow\" style=\"flex-basis:66.66%\">\n<div class=\"wp-block-uagb-image aligncenter uagb-block-fad19d8e wp-block-uagb-image--layout-default wp-block-uagb-image--effect-static wp-block-uagb-image--align-center\"><figure class=\"wp-block-uagb-image__figure\"><img decoding=\"async\" srcset=\"https:\/\/carwashmovil.com\/wp-content\/uploads\/2023\/10\/tarjetas.png ,https:\/\/carwashmovil.com\/wp-content\/uploads\/2023\/10\/tarjetas.png 780w, https:\/\/carwashmovil.com\/wp-content\/uploads\/2023\/10\/tarjetas.png 360w\" sizes=\"auto, (max-width: 480px) 150px\" src=\"https:\/\/carwashmovil.com\/wp-content\/uploads\/2023\/10\/tarjetas.png\" alt=\"\" class=\"uag-image-1339\" width=\"369\" height=\"362\" title=\"\" loading=\"lazy\"\/><\/figure><\/div>\n<\/div>\n<\/div>\n<\/div>\n<\/div>\n<\/div><\/div>\n\n\n\n<p><\/p>\n\n\n\n<div class=\"wp-block-uagb-container uagb-block-6127f47a alignfull uagb-is-root-container\"><div class=\"uagb-container__shape uagb-container__shape-bottom uagb-container__invert\" data-negative=\"false\"><svg xmlns=\"https:\/\/www.w3.org\/2000\/svg\" viewBox=\"0 0 1000 100\" preserveAspectRatio=\"none\"><path class=\"uagb-container__shape-fill\" d=\"M0,6V0h1000v100L0,6z\"><\/path><\/svg><\/div><div class=\"uagb-container-inner-blocks-wrap\"><\/div><\/div>\n\n\n\n<div class=\"wp-block-uagb-container uagb-block-86819593 alignfull uagb-is-root-container\"><div class=\"uagb-container-inner-blocks-wrap\">\n<div class=\"wp-block-uagb-container uagb-block-79ae3098\">\n<div class=\"wp-block-columns is-layout-flex wp-container-core-columns-is-layout-28f84493 wp-block-columns-is-layout-flex\">\n<div class=\"wp-block-column is-vertically-aligned-top is-layout-flow wp-container-core-column-is-layout-42aebfa7 wp-block-column-is-layout-flow\" style=\"padding-top:0;padding-right:0;padding-bottom:0;padding-left:0;flex-basis:33.33%\">\n<div class=\"wp-block-uagb-advanced-heading uagb-block-cd4fab79\"><h3 class=\"uagb-heading-text\">DESCUENTO EXTRAORDINARIO<\/h3><\/div>\n\n\n\n<p><\/p>\n\n\n\n<p class=\"has-ast-global-color-4-color has-text-color\">M\u00e1s de 100 servicios:<br>M\u00e1s de 200 servicios:<br>De 300 servicios en adelante <\/p>\n\n\n\n<p class=\"has-ast-global-color-4-color has-text-color\">Lava sin L\u00edmite: Esta membres\u00eda te permite lavar<br>sin l\u00edmite de veces en un plazo de 30 d\u00edas<\/p>\n<\/div>\n\n\n\n<div class=\"wp-block-column is-layout-flow wp-block-column-is-layout-flow\" style=\"flex-basis:66.66%\">\n<div class=\"wp-block-uagb-image aligncenter uagb-block-8d2ceb47 wp-block-uagb-image--layout-default wp-block-uagb-image--effect-static wp-block-uagb-image--align-center\"><figure class=\"wp-block-uagb-image__figure\"><img decoding=\"async\" srcset=\"https:\/\/carwashmovil.com\/wp-content\/uploads\/2023\/10\/extr-2.png ,https:\/\/carwashmovil.com\/wp-content\/uploads\/2023\/10\/extr-2.png 780w, https:\/\/carwashmovil.com\/wp-content\/uploads\/2023\/10\/extr-2.png 360w\" sizes=\"auto, (max-width: 480px) 150px\" src=\"https:\/\/carwashmovil.com\/wp-content\/uploads\/2023\/10\/extr-2.png\" alt=\"\" class=\"uag-image-1343\" width=\"369\" height=\"362\" title=\"\" loading=\"lazy\"\/><\/figure><\/div>\n<\/div>\n<\/div>\n<\/div>\n<\/div><\/div>\n\n\n\n<div class=\"wp-block-uagb-container uagb-block-4fa48fcf alignfull uagb-is-root-container\"><div class=\"uagb-container-inner-blocks-wrap\">\n<div class=\"wp-block-uagb-container uagb-block-0a17d910\"><div class=\"uagb-container__shape uagb-container__shape-bottom uagb-container__invert\" data-negative=\"false\"><svg xmlns=\"https:\/\/www.w3.org\/2000\/svg\" viewBox=\"0 0 1000 100\" preserveAspectRatio=\"none\"><path class=\"uagb-container__shape-fill\" d=\"M500,98.9L0,6.1V0h1000v6.1L500,98.9z\"><\/path><\/svg><\/div><\/div>\n<\/div><\/div>\n","protected":false},"excerpt":{"rendered":"<p>TARJETA DE BENEFICIOS PARA EMPLEADOS Esta membres\u00eda buscabrindarte comodidad y mejor precio para losempleados de tu compa\u00f1\u00eda, quienes por elegirnostendr\u00e1n un beneficio especial. *Planes de 10 a 20 lavadas por mes: 10% dedescuento en todos los servicios. *Planes de 20 -30 lavados por mes: 15% dedescuento en todos los servicios PLAN: ENTRE AMIGOS Combo familia [&hellip;]<\/p>\n","protected":false},"author":1,"featured_media":0,"parent":0,"menu_order":0,"comment_status":"closed","ping_status":"closed","template":"","meta":{"_uag_custom_page_level_css":"","site-sidebar-layout":"default","site-content-layout":"","ast-site-content-layout":"default","site-content-style":"default","site-sidebar-style":"default","ast-global-header-display":"","ast-banner-title-visibility":"","ast-main-header-display":"","ast-hfb-above-header-display":"","ast-hfb-below-header-display":"","ast-hfb-mobile-header-display":"","site-post-title":"disabled","ast-breadcrumbs-content":"","ast-featured-img":"","footer-sml-layout":"","ast-disable-related-posts":"","theme-transparent-header-meta":"disabled","adv-header-id-meta":"","stick-header-meta":"","header-above-stick-meta":"","header-main-stick-meta":"","header-below-stick-meta":"","astra-migrate-meta-layouts":"set","ast-page-background-enabled":"default","ast-page-background-meta":{"desktop":{"background-color":"var(--ast-global-color-4)","background-image":"","background-repeat":"repeat","background-position":"center center","background-size":"auto","background-attachment":"scroll","background-type":"","background-media":"","overlay-type":"","overlay-color":"","overlay-opacity":"","overlay-gradient":""},"tablet":{"background-color":"","background-image":"","background-repeat":"repeat","background-position":"center center","background-size":"auto","background-attachment":"scroll","background-type":"","background-media":"","overlay-type":"","overlay-color":"","overlay-opacity":"","overlay-gradient":""},"mobile":{"background-color":"","background-image":"","background-repeat":"repeat","background-position":"center center","background-size":"auto","background-attachment":"scroll","background-type":"","background-media":"","overlay-type":"","overlay-color":"","overlay-opacity":"","overlay-gradient":""}},"ast-content-background-meta":{"desktop":{"background-color":"var(--ast-global-color-5)","background-image":"","background-repeat":"repeat","background-position":"center center","background-size":"auto","background-attachment":"scroll","background-type":"","background-media":"","overlay-type":"","overlay-color":"","overlay-opacity":"","overlay-gradient":""},"tablet":{"background-color":"var(--ast-global-color-5)","background-image":"","background-repeat":"repeat","background-position":"center center","background-size":"auto","background-attachment":"scroll","background-type":"","background-media":"","overlay-type":"","overlay-color":"","overlay-opacity":"","overlay-gradient":""},"mobile":{"background-color":"var(--ast-global-color-5)","background-image":"","background-repeat":"repeat","background-position":"center center","background-size":"auto","background-attachment":"scroll","background-type":"","background-media":"","overlay-type":"","overlay-color":"","overlay-opacity":"","overlay-gradient":""}},"footnotes":""},"class_list":["post-935","page","type-page","status-publish","hentry"],"uagb_featured_image_src":{"full":false,"thumbnail":false,"medium":false,"medium_large":false,"large":false,"1536x1536":false,"2048x2048":false},"uagb_author_info":{"display_name":"sebas21","author_link":"https:\/\/carwashmovil.com\/index.php\/author\/sebas21\/"},"uagb_comment_info":0,"uagb_excerpt":"TARJETA DE BENEFICIOS PARA EMPLEADOS Esta membres\u00eda buscabrindarte comodidad y mejor precio para losempleados de tu compa\u00f1\u00eda, quienes por elegirnostendr\u00e1n un beneficio especial. *Planes de 10 a 20 lavadas por mes: 10% dedescuento en todos los servicios. *Planes de 20 -30 lavados por mes: 15% dedescuento en todos los servicios PLAN: ENTRE AMIGOS Combo familia&hellip;","_links":{"self":[{"href":"https:\/\/carwashmovil.com\/index.php\/wp-json\/wp\/v2\/pages\/935","targetHints":{"allow":["GET"]}}],"collection":[{"href":"https:\/\/carwashmovil.com\/index.php\/wp-json\/wp\/v2\/pages"}],"about":[{"href":"https:\/\/carwashmovil.com\/index.php\/wp-json\/wp\/v2\/types\/page"}],"author":[{"embeddable":true,"href":"https:\/\/carwashmovil.com\/index.php\/wp-json\/wp\/v2\/users\/1"}],"replies":[{"embeddable":true,"href":"https:\/\/carwashmovil.com\/index.php\/wp-json\/wp\/v2\/comments?post=935"}],"version-history":[{"count":46,"href":"https:\/\/carwashmovil.com\/index.php\/wp-json\/wp\/v2\/pages\/935\/revisions"}],"predecessor-version":[{"id":1502,"href":"https:\/\/carwashmovil.com\/index.php\/wp-json\/wp\/v2\/pages\/935\/revisions\/1502"}],"wp:attachment":[{"href":"https:\/\/carwashmovil.com\/index.php\/wp-json\/wp\/v2\/media?parent=935"}],"curies":[{"name":"wp","href":"https:\/\/api.w.org\/{rel}","templated":true}]}}