{"id":1164,"date":"2023-10-17T14:48:58","date_gmt":"2023-10-17T19:48:58","guid":{"rendered":"http:\/\/carwashmovil.com\/?page_id=1164"},"modified":"2023-10-27T13:27:11","modified_gmt":"2023-10-27T18:27:11","slug":"nuestros-colaboradores","status":"publish","type":"page","link":"https:\/\/carwashmovil.com\/index.php\/nuestros-colaboradores\/","title":{"rendered":"Nuestros Colaboradores"},"content":{"rendered":"\n<div class=\"wp-block-uagb-container uagb-block-d6c644a0 alignfull uagb-is-root-container\"><div class=\"uagb-container-inner-blocks-wrap\"><\/div><\/div>\n\n\n\n<div class=\"wp-block-uagb-container uagb-block-7ee35fee alignfull uagb-is-root-container\"><div class=\"uagb-container-inner-blocks-wrap\">\n<div class=\"wp-block-uagb-container uagb-block-f9a885ea\">\n<div class=\"wp-block-uagb-container uagb-block-c06550ba\">\n<div class=\"wp-block-uagb-advanced-heading uagb-block-314d611e\"><h3 class=\"uagb-heading-text\"><strong>Nuestro Equipo de Trabajo<\/strong><\/h3><\/div>\n<\/div>\n<\/div>\n<\/div><\/div>\n\n\n\n<div class=\"wp-block-uagb-container uagb-block-15f9eb1a alignfull uagb-is-root-container\"><div class=\"uagb-container-inner-blocks-wrap\">\n<div class=\"wp-block-uagb-container uagb-block-9844afcc\">\n<p class=\"has-text-align-center has-ast-global-color-4-color has-text-color\">En Car Wash M\u00f3vil, estamos comprometidos con el desarrollo y crecimiento empresarial del pa\u00eds, por eso, la responsabilidad hacia nuestros colaboradores es fundamental, brind\u00e1ndoles un contrato justo, aportes prestacionales exigidos por la ley, ambiente laboral optimo y espacios con todas las garant\u00edas para realizar sus labores. Ya que sus funciones, son esenciales para el crecimiento de la empresa.<\/p>\n<\/div>\n\n\n\n<div class=\"wp-block-uagb-container uagb-block-eaf70725\">\n<div class=\"wp-block-uagb-container uagb-block-2111cc5a\">\n<div class=\"wp-block-uagb-advanced-heading uagb-block-42eb78fd\"><h3 class=\"uagb-heading-text\">Trabaja con Nosotros<\/h3><\/div>\n<\/div>\n<\/div>\n<\/div><\/div>\n\n\n\n<div class=\"wp-block-uagb-container uagb-block-77d55941 alignfull uagb-is-root-container\"><div class=\"uagb-container-inner-blocks-wrap\"><\/div><\/div>\n\n\n\n<div class=\"wp-block-uagb-container uagb-block-fe876a83 alignfull uagb-is-root-container\"><div class=\"uagb-container-inner-blocks-wrap\">\n<div class=\"wp-block-uagb-container uagb-block-6cbc5e44\">\n<div class=\"forminator-guttenberg\"><form id=\"forminator-module-1376\" class=\"forminator-custom-form forminator-custom-form-1376\" method=\"post\" data-forminator-render=\"0\" data-uid=\"69f0f1e831978\"><div role=\"alert\" aria-live=\"polite\" class=\"forminator-response-message forminator-error\" aria-hidden=\"true\"><\/div><\/form><\/div>\n\n\n\n<div class=\"wp-block-uagb-container uagb-block-c75b6af7\"><div class=\"uagb-container__shape uagb-container__shape-bottom uagb-container__invert\" data-negative=\"false\"><svg xmlns=\"https:\/\/www.w3.org\/2000\/svg\" viewBox=\"0 0 937.5 120\" preserveAspectRatio=\"none\"><path class=\"uagb-container__shape-fill\" d=\"M937.5,124.3V0H0v124.3C0,100.8,227.4,2.9,578.9,4.1C926.9,0.3,937.5,100.4,937.5,124.3z\"><\/path><\/svg><\/div><\/div>\n<\/div>\n<\/div><\/div>\n","protected":false},"excerpt":{"rendered":"<p>Nuestro Equipo de Trabajo En Car Wash M\u00f3vil, estamos comprometidos con el desarrollo y crecimiento empresarial del pa\u00eds, por eso, la responsabilidad hacia nuestros colaboradores es fundamental, brind\u00e1ndoles un contrato justo, aportes prestacionales exigidos por la ley, ambiente laboral optimo y espacios con todas las garant\u00edas para realizar sus labores. Ya que sus funciones, son [&hellip;]<\/p>\n","protected":false},"author":1,"featured_media":0,"parent":0,"menu_order":0,"comment_status":"closed","ping_status":"closed","template":"","meta":{"_uag_custom_page_level_css":"","site-sidebar-layout":"default","site-content-layout":"","ast-site-content-layout":"default","site-content-style":"default","site-sidebar-style":"default","ast-global-header-display":"","ast-banner-title-visibility":"","ast-main-header-display":"","ast-hfb-above-header-display":"","ast-hfb-below-header-display":"","ast-hfb-mobile-header-display":"","site-post-title":"disabled","ast-breadcrumbs-content":"","ast-featured-img":"","footer-sml-layout":"","ast-disable-related-posts":"","theme-transparent-header-meta":"","adv-header-id-meta":"","stick-header-meta":"","header-above-stick-meta":"","header-main-stick-meta":"","header-below-stick-meta":"","astra-migrate-meta-layouts":"set","ast-page-background-enabled":"default","ast-page-background-meta":{"desktop":{"background-color":"var(--ast-global-color-4)","background-image":"","background-repeat":"repeat","background-position":"center center","background-size":"auto","background-attachment":"scroll","background-type":"","background-media":"","overlay-type":"","overlay-color":"","overlay-opacity":"","overlay-gradient":""},"tablet":{"background-color":"","background-image":"","background-repeat":"repeat","background-position":"center center","background-size":"auto","background-attachment":"scroll","background-type":"","background-media":"","overlay-type":"","overlay-color":"","overlay-opacity":"","overlay-gradient":""},"mobile":{"background-color":"","background-image":"","background-repeat":"repeat","background-position":"center center","background-size":"auto","background-attachment":"scroll","background-type":"","background-media":"","overlay-type":"","overlay-color":"","overlay-opacity":"","overlay-gradient":""}},"ast-content-background-meta":{"desktop":{"background-color":"var(--ast-global-color-5)","background-image":"","background-repeat":"repeat","background-position":"center center","background-size":"auto","background-attachment":"scroll","background-type":"","background-media":"","overlay-type":"","overlay-color":"","overlay-opacity":"","overlay-gradient":""},"tablet":{"background-color":"var(--ast-global-color-5)","background-image":"","background-repeat":"repeat","background-position":"center center","background-size":"auto","background-attachment":"scroll","background-type":"","background-media":"","overlay-type":"","overlay-color":"","overlay-opacity":"","overlay-gradient":""},"mobile":{"background-color":"var(--ast-global-color-5)","background-image":"","background-repeat":"repeat","background-position":"center center","background-size":"auto","background-attachment":"scroll","background-type":"","background-media":"","overlay-type":"","overlay-color":"","overlay-opacity":"","overlay-gradient":""}},"footnotes":""},"class_list":["post-1164","page","type-page","status-publish","hentry"],"uagb_featured_image_src":{"full":false,"thumbnail":false,"medium":false,"medium_large":false,"large":false,"1536x1536":false,"2048x2048":false},"uagb_author_info":{"display_name":"sebas21","author_link":"https:\/\/carwashmovil.com\/index.php\/author\/sebas21\/"},"uagb_comment_info":0,"uagb_excerpt":"Nuestro Equipo de Trabajo En Car Wash M\u00f3vil, estamos comprometidos con el desarrollo y crecimiento empresarial del pa\u00eds, por eso, la responsabilidad hacia nuestros colaboradores es fundamental, brind\u00e1ndoles un contrato justo, aportes prestacionales exigidos por la ley, ambiente laboral optimo y espacios con todas las garant\u00edas para realizar sus labores. Ya que sus funciones, son&hellip;","_links":{"self":[{"href":"https:\/\/carwashmovil.com\/index.php\/wp-json\/wp\/v2\/pages\/1164","targetHints":{"allow":["GET"]}}],"collection":[{"href":"https:\/\/carwashmovil.com\/index.php\/wp-json\/wp\/v2\/pages"}],"about":[{"href":"https:\/\/carwashmovil.com\/index.php\/wp-json\/wp\/v2\/types\/page"}],"author":[{"embeddable":true,"href":"https:\/\/carwashmovil.com\/index.php\/wp-json\/wp\/v2\/users\/1"}],"replies":[{"embeddable":true,"href":"https:\/\/carwashmovil.com\/index.php\/wp-json\/wp\/v2\/comments?post=1164"}],"version-history":[{"count":12,"href":"https:\/\/carwashmovil.com\/index.php\/wp-json\/wp\/v2\/pages\/1164\/revisions"}],"predecessor-version":[{"id":1380,"href":"https:\/\/carwashmovil.com\/index.php\/wp-json\/wp\/v2\/pages\/1164\/revisions\/1380"}],"wp:attachment":[{"href":"https:\/\/carwashmovil.com\/index.php\/wp-json\/wp\/v2\/media?parent=1164"}],"curies":[{"name":"wp","href":"https:\/\/api.w.org\/{rel}","templated":true}]}}